{"id":59,"date":"2009-04-10T10:41:57","date_gmt":"2009-04-10T09:41:57","guid":{"rendered":"http:\/\/8081.biz\/wordpress\/?page_id=59"},"modified":"2025-09-12T11:00:27","modified_gmt":"2025-09-12T09:00:27","slug":"about","status":"publish","type":"page","link":"https:\/\/8081.fuenfnullzwei.de\/wordpress\/about","title":{"rendered":"About"},"content":{"rendered":"<p><img loading=\"lazy\" decoding=\"async\" class=\"alignleft size-medium wp-image-164\" title=\"1959\" src=\"https:\/\/fuenfnullzwei.de\/8081\/wordpress\/wp-content\/uploads\/\/1959-210x300.jpg\" alt=\"1959\" width=\"210\" height=\"300\" srcset=\"https:\/\/fuenfnullzwei.de\/8081\/wordpress\/wp-content\/uploads\/1959-210x300.jpg 210w, https:\/\/fuenfnullzwei.de\/8081\/wordpress\/wp-content\/uploads\/1959.jpg 480w\" sizes=\"auto, (max-width: 210px) 100vw, 210px\" \/><\/p>\n<p>In the fall of 2008 Christopher Roth went to Mozambique to shoot a film in the Grande Hotel in Beira, in the north of Mozambique. The former &#8216;Pride of Africa&#8217;, a luxury resort build in the 1950s, had become a nation of squatters, a self-organized community with no electrical power or running water. The last official event took place on New Year\u2019s Eve 1980, five years after Mozambique\u2019s independence from Portugal and at the peak of an endless civil war. The hotel business had given up 15 years earlier anyway; too much trouble for rich travelers, who preferred climbing Mount Kenya or strolling on Zanzibar\u2019s beaches.<\/p>\n<p>So who was partying that night in the Grande Hotel? In 1980 the ruling Marxist Frelimos used the building\u2019s basement as a prison and the first floor as an infirmary. The third floor was shared by military instructors from East-Germany and Robert Mugabe\u2019s men. He had come to power in March and his troops had secured the Beira Corridor, Zimbabwe\u2019s vital access to the sea.<\/p>\n<p>At the time Mozambique was the poorest economy in the world, so poor that even the Communist Eastern Bloc wouldn\u2019t admit it into its Comecon economic union. Almost the entire ANC leadership was hiding from apartheid South-Africa in the south \u2013so Mozambique always stood for more than what was suggested on the map. And again, whose party was it? This void intrigued us to look for more, more set-ups, plots, locations, more parties.<\/p>\n<p>For instance, what happens on New Year\u2019s Eve 1980 in the American Embassy in Teheran? 52 American hostages are already being held for 424 days by the <em>Islamic Student Follower\u2019s of the Imam\u2019s Line<\/em>. Mahmud Ahmadinedschad proposes to occupy the Russian Embassy as well, since the Soviets are also \u00a0fighting the allied Islamic Mujahedeen in Afghanistan, who will shift later into alliance with Iraq in the war against Iran because they were not allowed to participate in power. From Ahmadinedschad&#8217;s predecessor Abolhassan Banisadr, first President of Iran under the Ayatollah Khomeini in 1980, we would later learn in an interview that the original idea for the hostage-taking came from Henry Kissinger, David Rockefeller and some relative of the Shah. To destabilize the country.\u00a0 The hostages are released six minutes after Ronald Reagan&#8217;s inauguration as President in January 1981. Six minutes? What a coincidence. The plot behind this is called October Surprise: arms supply in return for a postponement of the hostage\u2019s release until after the election in October 1980. Or: Fuck Jimmy Carter!<\/p>\n<p>Three months later, in March 1981 Ronald Reagan is shot by John Hinckley Jr. missing the President&#8217;s heart by less than an inch, the bullet piercing his lung. Hinckley wants to impress Jodie Foster or the character she plays in <em>Taxi Driver<\/em>, a twelve-year-old prostitute. Reagan recovers fast, and when his wife Nancy visits him in hospital he quotes Jack Dempsey: &#8220;Honey, I forgot to duck.\u201d \u00a0The December before, Mark David Chapman killed John Lennon with five bullets from a .38 calibre revolver, convinced after reading Salinger\u2019s <em>The Catcher in the Rye <\/em>that he needed to kill someone famous in order to ensure his own fame. In October 1981 Muhammad Anwar as-Sadat is assassinated in Cairo during the annual victory parade by the <em>Organization to Free Egypt<\/em>, a branch of <em>Egyptian Islamic Jihad<\/em>. On May 13th Mehmet Ali Agca, the right-wing extremist is writing postcards in Saint Peter\u2019s Square, Rome, when John Paul II arrives. The Pope spots a small girl in the crowd holding a picture of the Appearance of the Virgin Mary at F\u00e1tima. At that moment Ali Agca fires two shots at the Pope\u2019s head just as he bends down to the girl. The bullets miss. But the next two hit the Pope\u2019s body and injure him seriously. John Paul will survive and pardon Ali Agca from the Gemelli clinic. Two years later he will visit Agca in prison and Agca will ask him about &#8216;that queen&#8217; that saved his life. John Paul II will attribute his survival to Mary\u2019s protection: not only did he bend down to the girl with the image of the Virgin, the assassination attempt took place on the anniversary of the first Marian apparition at F\u00e1tima. Agca will later call himself the &#8216;reincarnated Christ&#8217; and be released from prison on January 18, 2010.<\/p>\n<p>Jacques Lacan spoke of the &#8216;answer of the real&#8217;, which is found by the one who pursues unflinchingly the reasons for his destiny.\u00a0 In a way this might have happened to us, and if you look closer into 1984 you might find another big shift, something that changed the world forever.<\/p>\n<p>The Answer of the Real aligns prophecy with reality; it is conspiracy theories, the Last Judgement, extraterrestrials, the Theory of Everything. Answers that interest us, but these answers also are, to paraphrase Slavoj \u017di\u017eek, symptoms and traces of a future truth.\u00a0 Like Yoda says in <em>The Empire Strikes Back<\/em>: \u201eHard to see, always in motion, the future.\u201c Jean-Fran\u00e7ois Lyotard&#8217;s Paralogy comes to mind,\u00a0 the blurred uncertainty and the wrong conclusions which aim at furthering thought. According to JFL the <em>Grand Narrative <\/em>has been finally superseded by the postmodern knowledge, the <em>Small Narratives<\/em>, and &#8216;finds its base not in the accordance of experts but in the paralogy of inventors.&#8217;\u00a0 We came across <em>In Defence of Lost Causes<\/em>, Slavoj \u017di\u017eek&#8217;s inventory of our post-ideological world, so we immediately decided Mr. \u017di\u017eek would be the ideal colloquist for this first out of eleven books, since he refutes postmodernism as well as Gilles Deleuze&#8217; and F\u00e9lix Guattari&#8217;s rhizome theory with its multiple and non-hierarchical structure (<em>Mille Plateaux <\/em>was first published by Les Editions de Minuit in 1980). Mr. \u017di\u017eek asks for new <em>Grand Narratives <\/em>to be installed. Talking about 80*81 he emphasized the apparitions of the Virgin Mary in 1981 in Medjugorje, former Yugoslavia, today Bosnia-Herzegovina. The vision attracted pilgrims from all over the world, until somebody suggested that it might be a fraud. The Communists government immediately intervened. This acknowledgement of a miracle is for \u017di\u017eek a clear sign of the disintegration of &#8216;real existierender Sozialismus.&#8217; Mr. \u017di\u017eek will re-appear as one of the hosts of our yearlong research around the world about 80*81.<\/p>\n<p>If history repeats itself, if history is cyclical we might just be on the other side of the cycle. Somewhere in between January 1980 and December 1981 something was beginning which has just ended now, 30 years later, or is starting to repeat itself. We zoomed out from New Year&#8217;s Eve to a two-year overview then to zoom in again, month by month.<br \/>\nThe film set in the Grande Hotel was now called <em>Mozartbique <\/em>and has a lot of masks in it. Not African ones. But <em>Star Wars <\/em>and Fant\u00f4mas, Frankenstein and Bunny. Our idea is to develop the idea of the opera. We asked Ren\u00e9 Pollesch if he would help us with performative evenings in different theatre houses, to compile a dramaturgic progress from a &#8216;congress en miniature&#8217; into a play or an opera with a beginning a middle and an end. Like almost everyone we talked to, Mr.Pollesch liked the idea.<\/p>\n<p>In a way we will try to put things back together. Have one story line, one plot and one ending. One or two <em>Grand Narratives<\/em>, one or two <em>Plateaux<\/em>. The opera will be performed in Munich on New Year\u2019s Eve 2010.<\/p>\n<p>Georg Diez and Christopher Roth<\/p>\n","protected":false},"excerpt":{"rendered":"<p>In the fall of 2008 Christopher Roth went to Mozambique to shoot a film in the Grande Hotel in Beira, in the north of Mozambique. The former &#8216;Pride of Africa&#8217;, a luxury resort build in &hellip;<\/p>\n","protected":false},"author":1,"featured_media":0,"parent":0,"menu_order":0,"comment_status":"open","ping_status":"open","template":"","meta":{"footnotes":""},"class_list":["post-59","page","type-page","status-publish","hentry"],"_links":{"self":[{"href":"https:\/\/8081.fuenfnullzwei.de\/wordpress\/wp-json\/wp\/v2\/pages\/59","targetHints":{"allow":["GET"]}}],"collection":[{"href":"https:\/\/8081.fuenfnullzwei.de\/wordpress\/wp-json\/wp\/v2\/pages"}],"about":[{"href":"https:\/\/8081.fuenfnullzwei.de\/wordpress\/wp-json\/wp\/v2\/types\/page"}],"author":[{"embeddable":true,"href":"https:\/\/8081.fuenfnullzwei.de\/wordpress\/wp-json\/wp\/v2\/users\/1"}],"replies":[{"embeddable":true,"href":"https:\/\/8081.fuenfnullzwei.de\/wordpress\/wp-json\/wp\/v2\/comments?post=59"}],"version-history":[{"count":20,"href":"https:\/\/8081.fuenfnullzwei.de\/wordpress\/wp-json\/wp\/v2\/pages\/59\/revisions"}],"predecessor-version":[{"id":374,"href":"https:\/\/8081.fuenfnullzwei.de\/wordpress\/wp-json\/wp\/v2\/pages\/59\/revisions\/374"}],"wp:attachment":[{"href":"https:\/\/8081.fuenfnullzwei.de\/wordpress\/wp-json\/wp\/v2\/media?parent=59"}],"curies":[{"name":"wp","href":"https:\/\/api.w.org\/{rel}","templated":true}]}}